{"id":5780,"date":"2025-04-19T16:06:02","date_gmt":"2025-04-19T14:06:02","guid":{"rendered":"https:\/\/situacioncritica.es\/blog\/?page_id=5780"},"modified":"2025-06-28T17:51:47","modified_gmt":"2025-06-28T15:51:47","slug":"que-estamos-escuchando","status":"publish","type":"page","link":"https:\/\/situacioncritica.es\/blog\/que-estamos-escuchando\/","title":{"rendered":"Qu\u00e9 estamos escuchando"},"content":{"rendered":"\n<div class=\"wp-block-group alignfull has-light-background-background-color has-background\"><div class=\"wp-block-group__inner-container is-layout-flow wp-block-group-is-layout-flow\">\n<div class=\"wp-block-columns is-layout-flex wp-container-core-columns-is-layout-9d6595d7 wp-block-columns-is-layout-flex\">\n<div class=\"wp-block-column is-layout-flow wp-block-column-is-layout-flow\"><div class=\"wp-block-image is-resized\">\n<figure class=\"aligncenter size-full\"><img loading=\"lazy\" decoding=\"async\" width=\"618\" height=\"618\" src=\"https:\/\/situacioncritica.es\/blog\/wp-content\/uploads\/2025\/06\/lamina-supersnitch-1.png\" alt=\"\" class=\"wp-image-5976\" srcset=\"https:\/\/situacioncritica.es\/blog\/wp-content\/uploads\/2025\/06\/lamina-supersnitch-1.png 618w, https:\/\/situacioncritica.es\/blog\/wp-content\/uploads\/2025\/06\/lamina-supersnitch-1-500x500.png 500w, https:\/\/situacioncritica.es\/blog\/wp-content\/uploads\/2025\/06\/lamina-supersnitch-1-300x300.png 300w\" sizes=\"auto, (max-width: 618px) 100vw, 618px\" \/><\/figure><\/div><\/div>\n\n\n\n<div class=\"wp-block-column is-layout-flow wp-block-column-is-layout-flow\">\n<h3 class=\"wp-block-heading is-style-no-vertical-margin has-accent-color has-text-color\">Playlist<\/h3>\n\n\n\n<div class=\"wp-block-group\"><div class=\"wp-block-group__inner-container is-layout-flow wp-block-group-is-layout-flow\">\n<p>Puedes escuchar un extracto de los temas que nos gustan.<\/p>\n\n\n\n<iframe allow=\"autoplay *; encrypted-media *;\" frameborder=\"0\" height=\"150\" style=\"width:100%;max-width:660px;overflow:hidden;background:transparent;\" sandbox=\"allow-forms allow-popups allow-same-origin allow-scripts allow-storage-access-by-user-activation allow-top-navigation-by-user-activation\" src=\"https:\/\/embed.music.apple.com\/es\/album\/oleo\/1813991119?i=1813991126\"><\/iframe>\n\n\n\n<hr class=\"wp-block-separator has-alpha-channel-opacity\"\/>\n\n\n\n<iframe allow=\"autoplay *; encrypted-media *;\" frameborder=\"0\" height=\"150\" style=\"width:100%;max-width:660px;overflow:hidden;background:transparent;\" sandbox=\"allow-forms allow-popups allow-same-origin allow-scripts allow-storage-access-by-user-activation allow-top-navigation-by-user-activation\" src=\"https:\/\/embed.music.apple.com\/es\/album\/%E7%BE%8E%E3%81%97%E3%81%8D%E6%97%A5%E3%80%85\/1800607329?i=1800607330\"><\/iframe>\n\n\n\n<hr class=\"wp-block-separator has-alpha-channel-opacity\"\/>\n\n\n\n<iframe allow=\"autoplay *; encrypted-media *;\" frameborder=\"0\" height=\"150\" style=\"width:100%;max-width:660px;overflow:hidden;background:transparent;\" sandbox=\"allow-forms allow-popups allow-same-origin allow-scripts allow-storage-access-by-user-activation allow-top-navigation-by-user-activation\" src=\"https:\/\/embed.music.apple.com\/es\/album\/%E3%81%84%E3%81%A4%E3%81%A0%E3%81%A3%E3%81%A6%E3%81%9D%E3%82%93%E3%81%AA%E3%82%82%E3%82%93%E3%81%A0%E3%82%8D\/1789071182?i=1789071184\"><\/iframe>\n\n\n\n<hr class=\"wp-block-separator has-alpha-channel-opacity\"\/>\n\n\n\n<iframe allow=\"autoplay *; encrypted-media *;\" frameborder=\"0\" height=\"150\" style=\"width:100%;max-width:660px;overflow:hidden;background:transparent;\" sandbox=\"allow-forms allow-popups allow-same-origin allow-scripts allow-storage-access-by-user-activation allow-top-navigation-by-user-activation\" src=\"https:\/\/embed.music.apple.com\/es\/album\/after-the-rain\/1591884534?i=1591884535\"><\/iframe>\n\n\n\n<hr class=\"wp-block-separator has-alpha-channel-opacity\"\/>\n\n\n\n<iframe allow=\"autoplay *; encrypted-media *;\" frameborder=\"0\" height=\"150\" style=\"width:100%;max-width:660px;overflow:hidden;background:transparent;\" sandbox=\"allow-forms allow-popups allow-same-origin allow-scripts allow-storage-access-by-user-activation allow-top-navigation-by-user-activation\" src=\"https:\/\/embed.music.apple.com\/es\/album\/horizon-dreamer\/1816860627?i=1816860628\"><\/iframe>\n\n\n\n<hr class=\"wp-block-separator has-alpha-channel-opacity\"\/>\n\n\n\n<iframe allow=\"autoplay *; encrypted-media *;\" frameborder=\"0\" height=\"150\" style=\"width:100%;max-width:660px;overflow:hidden;background:transparent;\" sandbox=\"allow-forms allow-popups allow-same-origin allow-scripts allow-storage-access-by-user-activation allow-top-navigation-by-user-activation\" src=\"https:\/\/embed.music.apple.com\/es\/album\/i-hate-myself\/1821620812?i=1821620813\"><\/iframe>\n\n\n\n<hr class=\"wp-block-separator has-alpha-channel-opacity\"\/>\n\n\n\n<iframe allow=\"autoplay *; encrypted-media *; fullscreen *; clipboard-write\" frameborder=\"0\" height=\"175\" style=\"width:100%;max-width:660px;overflow:hidden;border-radius:10px;\" sandbox=\"allow-forms allow-popups allow-same-origin allow-scripts allow-storage-access-by-user-activation allow-top-navigation-by-user-activation\" src=\"https:\/\/embed.music.apple.com\/es\/song\/uni-verse\/1673191257\"><\/iframe>\n\n\n\n<hr class=\"wp-block-separator has-alpha-channel-opacity\"\/>\n\n\n\n<iframe allow=\"autoplay *; encrypted-media *;\" frameborder=\"0\" height=\"150\" style=\"width:100%;max-width:660px;overflow:hidden;background:transparent;\" sandbox=\"allow-forms allow-popups allow-same-origin allow-scripts allow-storage-access-by-user-activation allow-top-navigation-by-user-activation\" src=\"https:\/\/embed.music.apple.com\/es\/album\/annojo-i-love-you\/1801709386?i=1801709388\"><\/iframe>\n\n\n\n<hr class=\"wp-block-separator has-alpha-channel-opacity\"\/>\n\n\n\n<iframe allow=\"autoplay *; encrypted-media *; fullscreen *; clipboard-write\" frameborder=\"0\" height=\"175\" style=\"width:100%;max-width:660px;overflow:hidden;border-radius:10px;\" sandbox=\"allow-forms allow-popups allow-same-origin allow-scripts allow-storage-access-by-user-activation allow-top-navigation-by-user-activation\" src=\"https:\/\/embed.music.apple.com\/es\/song\/daisuki-damono\/1466198318\"><\/iframe>\n\n\n\n<hr class=\"wp-block-separator has-alpha-channel-opacity\"\/>\n\n\n\n<iframe allow=\"autoplay *; encrypted-media *; fullscreen *; clipboard-write\" frameborder=\"0\" height=\"175\" style=\"width:100%;max-width:660px;overflow:hidden;border-radius:10px;\" sandbox=\"allow-forms allow-popups allow-same-origin allow-scripts allow-storage-access-by-user-activation allow-top-navigation-by-user-activation\" src=\"https:\/\/embed.music.apple.com\/es\/song\/%E3%82%AA%E3%83%83%E3%83%89%E3%82%B9%E3%83%88%E3%83%BC%E3%83%AA%E3%83%BC\/1772235222\"><\/iframe>\n\n\n\n<hr class=\"wp-block-separator has-alpha-channel-opacity\"\/>\n\n\n\n<iframe allow=\"autoplay *; encrypted-media *; fullscreen *; clipboard-write\" frameborder=\"0\" height=\"175\" style=\"width:100%;max-width:660px;overflow:hidden;border-radius:10px;\" sandbox=\"allow-forms allow-popups allow-same-origin allow-scripts allow-storage-access-by-user-activation allow-top-navigation-by-user-activation\" src=\"https:\/\/embed.music.apple.com\/es\/song\/drama\/1453658766\"><\/iframe>\n\n\n\n<hr class=\"wp-block-separator has-alpha-channel-opacity\"\/>\n\n\n\n<iframe allow=\"autoplay *; encrypted-media *; fullscreen *; clipboard-write\" frameborder=\"0\" height=\"175\" style=\"width:100%;max-width:660px;overflow:hidden;border-radius:10px;\" sandbox=\"allow-forms allow-popups allow-same-origin allow-scripts allow-storage-access-by-user-activation allow-top-navigation-by-user-activation\" src=\"https:\/\/embed.music.apple.com\/es\/song\/its-all-for-us\/1598829762\"><\/iframe>\n\n\n\n<hr class=\"wp-block-separator has-alpha-channel-opacity\"\/>\n\n\n\n<iframe allow=\"autoplay *; encrypted-media *; fullscreen *; clipboard-write\" frameborder=\"0\" height=\"175\" style=\"width:100%;max-width:660px;overflow:hidden;border-radius:10px;\" sandbox=\"allow-forms allow-popups allow-same-origin allow-scripts allow-storage-access-by-user-activation allow-top-navigation-by-user-activation\" src=\"https:\/\/embed.music.apple.com\/es\/song\/how-do-i\/1765743340\"><\/iframe>\n\n\n\n<hr class=\"wp-block-separator has-alpha-channel-opacity\"\/>\n\n\n\n<iframe allow=\"autoplay *; encrypted-media *; fullscreen *; clipboard-write\" frameborder=\"0\" height=\"175\" style=\"width:100%;max-width:660px;overflow:hidden;border-radius:10px;\" sandbox=\"allow-forms allow-popups allow-same-origin allow-scripts allow-storage-access-by-user-activation allow-top-navigation-by-user-activation\" src=\"https:\/\/embed.music.apple.com\/es\/song\/unmei\/1677103604\"><\/iframe>\n\n\n\n<hr class=\"wp-block-separator has-alpha-channel-opacity\"\/>\n\n\n\n<iframe allow=\"autoplay *; encrypted-media *; fullscreen *; clipboard-write\" frameborder=\"0\" height=\"175\" style=\"width:100%;max-width:660px;overflow:hidden;border-radius:10px;\" sandbox=\"allow-forms allow-popups allow-same-origin allow-scripts allow-storage-access-by-user-activation allow-top-navigation-by-user-activation\" src=\"https:\/\/embed.music.apple.com\/es\/song\/hoshizukiyo\/1667690701\"><\/iframe>\n\n\n\n<hr class=\"wp-block-separator has-alpha-channel-opacity\"\/>\n\n\n\n<iframe allow=\"autoplay *; encrypted-media *; fullscreen *; clipboard-write\" frameborder=\"0\" height=\"175\" style=\"width:100%;max-width:660px;overflow:hidden;border-radius:10px;\" sandbox=\"allow-forms allow-popups allow-same-origin allow-scripts allow-storage-access-by-user-activation allow-top-navigation-by-user-activation\" src=\"https:\/\/embed.music.apple.com\/es\/song\/live\/1668229914\"><\/iframe>\n\n\n\n<hr class=\"wp-block-separator has-alpha-channel-opacity\"\/>\n\n\n\n<iframe allow=\"autoplay *; encrypted-media *; fullscreen *; clipboard-write\" frameborder=\"0\" height=\"175\" style=\"width:100%;max-width:660px;overflow:hidden;border-radius:10px;\" sandbox=\"allow-forms allow-popups allow-same-origin allow-scripts allow-storage-access-by-user-activation allow-top-navigation-by-user-activation\" src=\"https:\/\/embed.music.apple.com\/es\/song\/%E3%82%86%E3%82%89%E3%81%9B\/1639065654\"><\/iframe>\n\n\n\n<hr class=\"wp-block-separator has-alpha-channel-opacity\"\/>\n\n\n\n<iframe allow=\"autoplay *; encrypted-media *; fullscreen *; clipboard-write\" frameborder=\"0\" height=\"175\" style=\"width:100%;max-width:660px;overflow:hidden;border-radius:10px;\" sandbox=\"allow-forms allow-popups allow-same-origin allow-scripts allow-storage-access-by-user-activation allow-top-navigation-by-user-activation\" src=\"https:\/\/embed.music.apple.com\/es\/song\/odyssey\/1771817875\"><\/iframe>\n\n\n\n<hr class=\"wp-block-separator has-alpha-channel-opacity\"\/>\n\n\n\n<iframe allow=\"autoplay *; encrypted-media *; fullscreen *; clipboard-write\" frameborder=\"0\" height=\"175\" style=\"width:100%;max-width:660px;overflow:hidden;border-radius:10px;\" sandbox=\"allow-forms allow-popups allow-same-origin allow-scripts allow-storage-access-by-user-activation allow-top-navigation-by-user-activation\" src=\"https:\/\/embed.music.apple.com\/es\/song\/dreamer\/1531458898\"><\/iframe>\n\n\n\n<hr class=\"wp-block-separator has-alpha-channel-opacity\"\/>\n\n\n\n<iframe allow=\"autoplay *; encrypted-media *; fullscreen *; clipboard-write\" frameborder=\"0\" height=\"175\" style=\"width:100%;max-width:660px;overflow:hidden;border-radius:10px;\" sandbox=\"allow-forms allow-popups allow-same-origin allow-scripts allow-storage-access-by-user-activation allow-top-navigation-by-user-activation\" src=\"https:\/\/embed.music.apple.com\/es\/song\/%E3%81%93%E3%81%93%E3%81%AB%E3%81%82%E3%82%8B%E3%82%82%E3%81%AE-orchestra-ver\/1550260189\"><\/iframe>\n\n\n\n<hr class=\"wp-block-separator has-alpha-channel-opacity\"\/>\n<\/div><\/div>\n<\/div>\n<\/div>\n<\/div><\/div>\n","protected":false},"excerpt":{"rendered":"<p>Aqu\u00ed tienes algunas de las canciones que estamos escuchando \u00faltimamente.<\/p>\n","protected":false},"author":1,"featured_media":0,"parent":0,"menu_order":0,"comment_status":"closed","ping_status":"closed","template":"","meta":{"_seopress_robots_primary_cat":"","_seopress_titles_title":"Playlist que estamos escuchamos","_seopress_titles_desc":"Lista de algunas de las canciones que estamos escuchando \u00faltimamente.","_seopress_robots_index":"","jetpack_post_was_ever_published":false,"footnotes":""},"class_list":["post-5780","page","type-page","status-publish","hentry"],"jetpack-related-posts":[{"id":12,"url":"https:\/\/situacioncritica.es\/blog\/corea\/","url_meta":{"origin":5780,"position":0},"title":"\uc548\ub155\ud558\uc138\uc694, \ud658\uc601\ud569\ub2c8\ub2e4.","author":"Sethbastian","date":"19 de mayo de 2025","format":false,"excerpt":"Un lugar donde salir de dudas y ofrecer respuestas. Estamos encantados de tenerte aqu\u00ed, en un espacio creado especialmente para la comunidad hispanoablante que reside, trabaja o viaja a Corea del Sur. Este foro tiene como objetivo ser un punto de encuentro donde podamos compartir experiencias, consejos y conocimientos para\u2026","rel":"","context":"Entrada similar","block_context":{"text":"Entrada similar","link":""},"img":{"alt_text":"","src":"https:\/\/i0.wp.com\/situacioncritica.es\/blog\/wp-content\/uploads\/2025\/05\/intro-corea-1.webp?resize=350%2C200&ssl=1","width":350,"height":200,"srcset":"https:\/\/i0.wp.com\/situacioncritica.es\/blog\/wp-content\/uploads\/2025\/05\/intro-corea-1.webp?resize=350%2C200&ssl=1 1x, https:\/\/i0.wp.com\/situacioncritica.es\/blog\/wp-content\/uploads\/2025\/05\/intro-corea-1.webp?resize=525%2C300&ssl=1 1.5x, https:\/\/i0.wp.com\/situacioncritica.es\/blog\/wp-content\/uploads\/2025\/05\/intro-corea-1.webp?resize=700%2C400&ssl=1 2x, https:\/\/i0.wp.com\/situacioncritica.es\/blog\/wp-content\/uploads\/2025\/05\/intro-corea-1.webp?resize=1050%2C600&ssl=1 3x"},"classes":[]},{"id":5068,"url":"https:\/\/situacioncritica.es\/blog\/escribiendo-cosicas-desde-2008\/","url_meta":{"origin":5780,"position":1},"title":"Escribiendo cosicas desde 2008","author":"Sethbastian","date":"15 de octubre de 2023","format":false,"excerpt":"Puedes acceder desde aqu\u00ed a nuestro anuario de frivolidades, las cosas que hemos escrito desde que creamos este blog.","rel":"","context":"Entrada similar","block_context":{"text":"Entrada similar","link":""},"img":{"alt_text":"","src":"https:\/\/i0.wp.com\/situacioncritica.es\/blog\/wp-content\/uploads\/2024\/08\/castillo.jpg?resize=350%2C200&ssl=1","width":350,"height":200,"srcset":"https:\/\/i0.wp.com\/situacioncritica.es\/blog\/wp-content\/uploads\/2024\/08\/castillo.jpg?resize=350%2C200&ssl=1 1x, https:\/\/i0.wp.com\/situacioncritica.es\/blog\/wp-content\/uploads\/2024\/08\/castillo.jpg?resize=525%2C300&ssl=1 1.5x, https:\/\/i0.wp.com\/situacioncritica.es\/blog\/wp-content\/uploads\/2024\/08\/castillo.jpg?resize=700%2C400&ssl=1 2x, https:\/\/i0.wp.com\/situacioncritica.es\/blog\/wp-content\/uploads\/2024\/08\/castillo.jpg?resize=1050%2C600&ssl=1 3x"},"classes":[]},{"id":3,"url":"https:\/\/situacioncritica.es\/blog\/politica-privacidad\/","url_meta":{"origin":5780,"position":2},"title":"Pol\u00edtica de privacidad","author":"Sethbastian","date":"19 de mayo de 2025","format":false,"excerpt":"Qui\u00e9nes somos La direcci\u00f3n de nuestra web es: https:\/\/situacioncritica.es\/blog. Comentarios Cuando los visitantes dejan comentarios en la web, recopilamos los datos que se muestran en el formulario de comentarios, as\u00ed como la direcci\u00f3n IP del visitante y la cadena de agentes de usuario del navegador para ayudar a la detecci\u00f3n\u2026","rel":"","context":"Entrada similar","block_context":{"text":"Entrada similar","link":""},"img":{"alt_text":"","src":"","width":0,"height":0},"classes":[]},{"id":5379,"url":"https:\/\/situacioncritica.es\/blog\/mas-leidos\/","url_meta":{"origin":5780,"position":3},"title":"Estos son los art\u00edculos m\u00e1s le\u00eddos los \u00faltimos 12 meses","author":"Sethbastian","date":"18 de agosto de 2024","format":false,"excerpt":"","rel":"","context":"Entrada similar","block_context":{"text":"Entrada similar","link":""},"img":{"alt_text":"","src":"","width":0,"height":0},"classes":[]},{"id":5624,"url":"https:\/\/situacioncritica.es\/blog\/new-year\/","url_meta":{"origin":5780,"position":4},"title":"A\u00f1o nuevo","author":"Sethbastian","date":"31 de diciembre de 2024","format":false,"excerpt":"Ilustraciones para dar la bienvenida al nuevo a\u00f1o, realizadas el \u00faltimo del d\u00eda el a\u00f1o y enviada a amigos horas antes de que termine el a\u00f1o.","rel":"","context":"Entrada similar","block_context":{"text":"Entrada similar","link":""},"img":{"alt_text":"","src":"https:\/\/i0.wp.com\/situacioncritica.es\/blog\/wp-content\/uploads\/2024\/12\/2024-300x300.jpeg?resize=350%2C200&ssl=1","width":350,"height":200,"srcset":"https:\/\/i0.wp.com\/situacioncritica.es\/blog\/wp-content\/uploads\/2024\/12\/2024-300x300.jpeg?resize=350%2C200&ssl=1 1x, https:\/\/i0.wp.com\/situacioncritica.es\/blog\/wp-content\/uploads\/2024\/12\/2024-300x300.jpeg?resize=525%2C300&ssl=1 1.5x, https:\/\/i0.wp.com\/situacioncritica.es\/blog\/wp-content\/uploads\/2024\/12\/2024-300x300.jpeg?resize=700%2C400&ssl=1 2x, https:\/\/i0.wp.com\/situacioncritica.es\/blog\/wp-content\/uploads\/2024\/12\/2024-300x300.jpeg?resize=1050%2C600&ssl=1 3x, https:\/\/i0.wp.com\/situacioncritica.es\/blog\/wp-content\/uploads\/2024\/12\/2024-300x300.jpeg?resize=1400%2C800&ssl=1 4x"},"classes":[]},{"id":5097,"url":"https:\/\/situacioncritica.es\/blog\/descargo\/","url_meta":{"origin":5780,"position":5},"title":"Descargo de Responsabilidad del Blog","author":"Sethbastian","date":"23 de noviembre de 2023","format":false,"excerpt":"La informaci\u00f3n proporcionada por el Blog Situaci\u00f3n Cr\u00edtica en https:\/\/situacioncritica.es\/blog (el \"blog\") s\u00f3lo tiene fines informativos generales. Toda la informaci\u00f3n contenida en el blog se facilita de buena fe; sin embargo, no ofrecemos ninguna declaraci\u00f3n ni garant\u00eda de ning\u00fan tipo, expresa o impl\u00edcita, sobre la exactitud, adecuaci\u00f3n, validez, fiabilidad, disponibilidad\u2026","rel":"","context":"Entrada similar","block_context":{"text":"Entrada similar","link":""},"img":{"alt_text":"","src":"https:\/\/i0.wp.com\/situacioncritica.es\/blog\/wp-content\/uploads\/2024\/03\/lapices.jpeg?resize=350%2C200&ssl=1","width":350,"height":200,"srcset":"https:\/\/i0.wp.com\/situacioncritica.es\/blog\/wp-content\/uploads\/2024\/03\/lapices.jpeg?resize=350%2C200&ssl=1 1x, https:\/\/i0.wp.com\/situacioncritica.es\/blog\/wp-content\/uploads\/2024\/03\/lapices.jpeg?resize=525%2C300&ssl=1 1.5x, https:\/\/i0.wp.com\/situacioncritica.es\/blog\/wp-content\/uploads\/2024\/03\/lapices.jpeg?resize=700%2C400&ssl=1 2x, https:\/\/i0.wp.com\/situacioncritica.es\/blog\/wp-content\/uploads\/2024\/03\/lapices.jpeg?resize=1050%2C600&ssl=1 3x"},"classes":[]}],"jetpack_sharing_enabled":true,"_links":{"self":[{"href":"https:\/\/situacioncritica.es\/blog\/wp-json\/wp\/v2\/pages\/5780","targetHints":{"allow":["GET"]}}],"collection":[{"href":"https:\/\/situacioncritica.es\/blog\/wp-json\/wp\/v2\/pages"}],"about":[{"href":"https:\/\/situacioncritica.es\/blog\/wp-json\/wp\/v2\/types\/page"}],"author":[{"embeddable":true,"href":"https:\/\/situacioncritica.es\/blog\/wp-json\/wp\/v2\/users\/1"}],"replies":[{"embeddable":true,"href":"https:\/\/situacioncritica.es\/blog\/wp-json\/wp\/v2\/comments?post=5780"}],"version-history":[{"count":13,"href":"https:\/\/situacioncritica.es\/blog\/wp-json\/wp\/v2\/pages\/5780\/revisions"}],"predecessor-version":[{"id":5977,"href":"https:\/\/situacioncritica.es\/blog\/wp-json\/wp\/v2\/pages\/5780\/revisions\/5977"}],"wp:attachment":[{"href":"https:\/\/situacioncritica.es\/blog\/wp-json\/wp\/v2\/media?parent=5780"}],"curies":[{"name":"wp","href":"https:\/\/api.w.org\/{rel}","templated":true}]}}