{"id":5379,"date":"2024-08-18T11:49:18","date_gmt":"2024-08-18T09:49:18","guid":{"rendered":"https:\/\/situacioncritica.es\/blog\/?page_id=5379"},"modified":"2025-06-01T10:50:52","modified_gmt":"2025-06-01T08:50:52","slug":"mas-leidos","status":"publish","type":"page","link":"https:\/\/situacioncritica.es\/blog\/mas-leidos\/","title":{"rendered":"Estos son los art\u00edculos m\u00e1s le\u00eddos los \u00faltimos 12 meses"},"content":{"rendered":"","protected":false},"excerpt":{"rendered":"","protected":false},"author":1,"featured_media":0,"parent":0,"menu_order":0,"comment_status":"closed","ping_status":"closed","template":"","meta":{"_seopress_robots_primary_cat":"","_seopress_titles_title":"Art\u00edculos m\u00e1s le\u00eddos","_seopress_titles_desc":"Lista de los 9 art\u00edculos m\u00e1s visto en el blog.","_seopress_robots_index":"","jetpack_post_was_ever_published":false,"footnotes":""},"class_list":["post-5379","page","type-page","status-publish","hentry"],"jetpack-related-posts":[{"id":5384,"url":"https:\/\/situacioncritica.es\/blog\/newsletter\/","url_meta":{"origin":5379,"position":0},"title":"Recibe los nuevos art\u00edculos en tu bandeja del correo electr\u00f3nico c\u00f3modamente","author":"Sethbastian","date":"18 de agosto de 2024","format":false,"excerpt":"","rel":"","context":"Entrada similar","block_context":{"text":"Entrada similar","link":""},"img":{"alt_text":"","src":"","width":0,"height":0},"classes":[]},{"id":3,"url":"https:\/\/situacioncritica.es\/blog\/politica-privacidad\/","url_meta":{"origin":5379,"position":1},"title":"Pol\u00edtica de privacidad","author":"Sethbastian","date":"19 de mayo de 2025","format":false,"excerpt":"Qui\u00e9nes somos La direcci\u00f3n de nuestra web es: https:\/\/situacioncritica.es\/blog. Comentarios Cuando los visitantes dejan comentarios en la web, recopilamos los datos que se muestran en el formulario de comentarios, as\u00ed como la direcci\u00f3n IP del visitante y la cadena de agentes de usuario del navegador para ayudar a la detecci\u00f3n\u2026","rel":"","context":"Entrada similar","block_context":{"text":"Entrada similar","link":""},"img":{"alt_text":"","src":"","width":0,"height":0},"classes":[]},{"id":5097,"url":"https:\/\/situacioncritica.es\/blog\/descargo\/","url_meta":{"origin":5379,"position":2},"title":"Descargo de Responsabilidad del Blog","author":"Sethbastian","date":"23 de noviembre de 2023","format":false,"excerpt":"La informaci\u00f3n proporcionada por el Blog Situaci\u00f3n Cr\u00edtica en https:\/\/situacioncritica.es\/blog (el \"blog\") s\u00f3lo tiene fines informativos generales. Toda la informaci\u00f3n contenida en el blog se facilita de buena fe; sin embargo, no ofrecemos ninguna declaraci\u00f3n ni garant\u00eda de ning\u00fan tipo, expresa o impl\u00edcita, sobre la exactitud, adecuaci\u00f3n, validez, fiabilidad, disponibilidad\u2026","rel":"","context":"Entrada similar","block_context":{"text":"Entrada similar","link":""},"img":{"alt_text":"","src":"https:\/\/i0.wp.com\/situacioncritica.es\/blog\/wp-content\/uploads\/2024\/03\/lapices.jpeg?resize=350%2C200&ssl=1","width":350,"height":200,"srcset":"https:\/\/i0.wp.com\/situacioncritica.es\/blog\/wp-content\/uploads\/2024\/03\/lapices.jpeg?resize=350%2C200&ssl=1 1x, https:\/\/i0.wp.com\/situacioncritica.es\/blog\/wp-content\/uploads\/2024\/03\/lapices.jpeg?resize=525%2C300&ssl=1 1.5x, https:\/\/i0.wp.com\/situacioncritica.es\/blog\/wp-content\/uploads\/2024\/03\/lapices.jpeg?resize=700%2C400&ssl=1 2x, https:\/\/i0.wp.com\/situacioncritica.es\/blog\/wp-content\/uploads\/2024\/03\/lapices.jpeg?resize=1050%2C600&ssl=1 3x"},"classes":[]},{"id":5780,"url":"https:\/\/situacioncritica.es\/blog\/que-estamos-escuchando\/","url_meta":{"origin":5379,"position":3},"title":"Qu\u00e9 estamos escuchando","author":"Sethbastian","date":"19 de abril de 2025","format":false,"excerpt":"Aqu\u00ed tienes algunas de las canciones que estamos escuchando \u00faltimamente.","rel":"","context":"Entrada similar","block_context":{"text":"Entrada similar","link":""},"img":{"alt_text":"","src":"https:\/\/i0.wp.com\/situacioncritica.es\/blog\/wp-content\/uploads\/2025\/06\/lamina-supersnitch-1.png?resize=350%2C200&ssl=1","width":350,"height":200,"srcset":"https:\/\/i0.wp.com\/situacioncritica.es\/blog\/wp-content\/uploads\/2025\/06\/lamina-supersnitch-1.png?resize=350%2C200&ssl=1 1x, https:\/\/i0.wp.com\/situacioncritica.es\/blog\/wp-content\/uploads\/2025\/06\/lamina-supersnitch-1.png?resize=525%2C300&ssl=1 1.5x"},"classes":[]},{"id":5624,"url":"https:\/\/situacioncritica.es\/blog\/new-year\/","url_meta":{"origin":5379,"position":4},"title":"A\u00f1o nuevo","author":"Sethbastian","date":"31 de diciembre de 2024","format":false,"excerpt":"Ilustraciones para dar la bienvenida al nuevo a\u00f1o, realizadas el \u00faltimo del d\u00eda el a\u00f1o y enviada a amigos horas antes de que termine el a\u00f1o.","rel":"","context":"Entrada similar","block_context":{"text":"Entrada similar","link":""},"img":{"alt_text":"","src":"https:\/\/i0.wp.com\/situacioncritica.es\/blog\/wp-content\/uploads\/2024\/12\/2024-300x300.jpeg?resize=350%2C200&ssl=1","width":350,"height":200,"srcset":"https:\/\/i0.wp.com\/situacioncritica.es\/blog\/wp-content\/uploads\/2024\/12\/2024-300x300.jpeg?resize=350%2C200&ssl=1 1x, https:\/\/i0.wp.com\/situacioncritica.es\/blog\/wp-content\/uploads\/2024\/12\/2024-300x300.jpeg?resize=525%2C300&ssl=1 1.5x, https:\/\/i0.wp.com\/situacioncritica.es\/blog\/wp-content\/uploads\/2024\/12\/2024-300x300.jpeg?resize=700%2C400&ssl=1 2x, https:\/\/i0.wp.com\/situacioncritica.es\/blog\/wp-content\/uploads\/2024\/12\/2024-300x300.jpeg?resize=1050%2C600&ssl=1 3x, https:\/\/i0.wp.com\/situacioncritica.es\/blog\/wp-content\/uploads\/2024\/12\/2024-300x300.jpeg?resize=1400%2C800&ssl=1 4x"},"classes":[]},{"id":12,"url":"https:\/\/situacioncritica.es\/blog\/corea\/","url_meta":{"origin":5379,"position":5},"title":"\uc548\ub155\ud558\uc138\uc694, \ud658\uc601\ud569\ub2c8\ub2e4.","author":"Sethbastian","date":"19 de mayo de 2025","format":false,"excerpt":"Un lugar donde salir de dudas y ofrecer respuestas. Estamos encantados de tenerte aqu\u00ed, en un espacio creado especialmente para la comunidad hispanoablante que reside, trabaja o viaja a Corea del Sur. Este foro tiene como objetivo ser un punto de encuentro donde podamos compartir experiencias, consejos y conocimientos para\u2026","rel":"","context":"Entrada similar","block_context":{"text":"Entrada similar","link":""},"img":{"alt_text":"","src":"https:\/\/i0.wp.com\/situacioncritica.es\/blog\/wp-content\/uploads\/2025\/05\/intro-corea-1.webp?resize=350%2C200&ssl=1","width":350,"height":200,"srcset":"https:\/\/i0.wp.com\/situacioncritica.es\/blog\/wp-content\/uploads\/2025\/05\/intro-corea-1.webp?resize=350%2C200&ssl=1 1x, https:\/\/i0.wp.com\/situacioncritica.es\/blog\/wp-content\/uploads\/2025\/05\/intro-corea-1.webp?resize=525%2C300&ssl=1 1.5x, https:\/\/i0.wp.com\/situacioncritica.es\/blog\/wp-content\/uploads\/2025\/05\/intro-corea-1.webp?resize=700%2C400&ssl=1 2x, https:\/\/i0.wp.com\/situacioncritica.es\/blog\/wp-content\/uploads\/2025\/05\/intro-corea-1.webp?resize=1050%2C600&ssl=1 3x"},"classes":[]}],"jetpack_sharing_enabled":true,"_links":{"self":[{"href":"https:\/\/situacioncritica.es\/blog\/wp-json\/wp\/v2\/pages\/5379","targetHints":{"allow":["GET"]}}],"collection":[{"href":"https:\/\/situacioncritica.es\/blog\/wp-json\/wp\/v2\/pages"}],"about":[{"href":"https:\/\/situacioncritica.es\/blog\/wp-json\/wp\/v2\/types\/page"}],"author":[{"embeddable":true,"href":"https:\/\/situacioncritica.es\/blog\/wp-json\/wp\/v2\/users\/1"}],"replies":[{"embeddable":true,"href":"https:\/\/situacioncritica.es\/blog\/wp-json\/wp\/v2\/comments?post=5379"}],"version-history":[{"count":6,"href":"https:\/\/situacioncritica.es\/blog\/wp-json\/wp\/v2\/pages\/5379\/revisions"}],"predecessor-version":[{"id":5597,"href":"https:\/\/situacioncritica.es\/blog\/wp-json\/wp\/v2\/pages\/5379\/revisions\/5597"}],"wp:attachment":[{"href":"https:\/\/situacioncritica.es\/blog\/wp-json\/wp\/v2\/media?parent=5379"}],"curies":[{"name":"wp","href":"https:\/\/api.w.org\/{rel}","templated":true}]}}