{"id":5097,"date":"2023-11-23T15:09:54","date_gmt":"2023-11-23T13:09:54","guid":{"rendered":"https:\/\/situacioncritica.es\/blog\/?page_id=5097"},"modified":"2024-08-18T11:51:33","modified_gmt":"2024-08-18T09:51:33","slug":"descargo","status":"publish","type":"page","link":"https:\/\/situacioncritica.es\/blog\/descargo\/","title":{"rendered":"Descargo de Responsabilidad del Blog"},"content":{"rendered":"\n<p>La informaci\u00f3n proporcionada por el Blog Situaci\u00f3n Cr\u00edtica en <a href=\"https:\/\/situacioncritica.es\/blog\/\" rel=\"nofollow\">https:\/\/situacioncritica.es\/blog<\/a> (el \u00abblog\u00bb) s\u00f3lo tiene fines informativos generales. Toda la informaci\u00f3n contenida en el blog se facilita de buena fe; sin embargo, no ofrecemos ninguna declaraci\u00f3n ni garant\u00eda de ning\u00fan tipo, expresa o impl\u00edcita, sobre la exactitud, adecuaci\u00f3n, validez, fiabilidad, disponibilidad o integridad de la informaci\u00f3n contenida en el blog. BAJO NINGUNA CIRCUNSTANCIA SEREMOS RESPONSABLES ANTE TI POR CUALQUIER P\u00c9RDIDA O DA\u00d1O DE CUALQUIER TIPO QUE SE PRODUZCA COMO RESULTADO DE USAR ESTE BLOG O DE CONFIAR EN CUALQUIER INFORMACI\u00d3N PROPORCIONADA EN EL MISMO. EL USO QUE HAGAS DE LA WEB Y LA CONFIANZA QUE DEPOSITES EN LA INFORMACI\u00d3N CONTENIDA EN ELLA ES EXCLUSIVAMENTE POR TU CUENTA Y RIESGO.<\/p>\n\n\n\n<h4 class=\"wp-block-heading\">EXENCI\u00d3N DE RESPONSABILIDAD SOBRE ENLACES EXTERNOS<\/h4>\n\n\n\n<p>El blog puede contener (o se te pueden enviar a trav\u00e9s de la Web) enlaces a otras p\u00e1ginas web o contenidos pertenecientes u originados por terceros o enlaces a p\u00e1ginas web y caracter\u00edsticas en banners u otro tipo de publicidad. No investigamos, supervisamos ni comprobamos la exactitud, adecuaci\u00f3n, validez, fiabilidad, disponibilidad o integridad de dichos enlaces externos. NO ASEGURAMOS, RESPALDAMOS, GARANTIZAMOS NI ASUMIMOS RESPONSABILIDAD ALGUNA POR LA EXACTITUD O FIABILIDAD DE LA INFORMACI\u00d3N OFRECIDA POR SITIOS WEB DE TERCEROS ENLAZADOS A TRAV\u00c9S DE LA WEB O DE CUALQUIER SITIO WEB O CARACTER\u00cdSTICA ENLAZADA EN CUALQUIER BANNER U OTRO TIPO DE PUBLICIDAD. NO SEREMOS PARTE NI EN MODO ALGUNO RESPONSABLES DE SUPERVISAR NINGUNA TRANSACCI\u00d3N ENTRE T\u00da Y TERCEROS PROVEEDORES DE PRODUCTOS O SERVICIOS.<\/p>\n\n\n\n<h4 class=\"wp-block-heading\">DESCARGO DE RESPONSABILIDAD SOBRE OPINIONES<\/h4>\n\n\n\n<p>El blog puede contener opiniones de diversas fuentes. Estas opiniones reflejan las experiencias y puntos de vista de diversas personas. Sin embargo, las opiniones son personales. No afirmamos, y no debes asumir, que compartimos los mismos puntos de vista.<\/p>\n\n\n\n<p>Las opiniones contenidas en el blog se presentan en diversas formas, como texto, audio y\/o v\u00eddeo, y son revisados por nosotros antes de ser publicados. Las opiniones y citas incluidas en los art\u00edculos aparecen en el blog textualmente tal y como nos han llegado, salvo la correcci\u00f3n de errores gramaticales o tipogr\u00e1ficos. Algunos comentarios pueden haber sido acortados en aras de la brevedad cuando la cita completa conten\u00eda informaci\u00f3n superflua no relevante para el p\u00fablico en general.<\/p>\n\n\n\n<p>Los puntos de vista y opiniones contenidos en los art\u00edculos pertenecen exclusivamente al citado y no reflejan nuestros puntos de vista y opiniones.<\/p>\n\n\n\n<hr class=\"wp-block-separator has-alpha-channel-opacity\"\/>\n\n\n\n<div style=\"height:100px\" aria-hidden=\"true\" class=\"wp-block-spacer\"><\/div>\n\n\n\n<pre class=\"wp-block-verse\">Foto portada de\u00a0<a href=\"https:\/\/unsplash.com\/es\/@joannakosinska?utm_content=creditCopyText&amp;utm_medium=referral&amp;utm_source=unsplash\">Joanna Kosinska<\/a><\/pre>\n","protected":false},"excerpt":{"rendered":"<p>La informaci\u00f3n proporcionada por el Blog Situaci\u00f3n Cr\u00edtica en https:\/\/situacioncritica.es\/blog (el \u00abblog\u00bb) s\u00f3lo tiene fines informativos generales. Toda la informaci\u00f3n contenida en el blog se facilita de buena fe; sin embargo, no ofrecemos ninguna declaraci\u00f3n ni garant\u00eda de ning\u00fan tipo, expresa o impl\u00edcita, sobre la exactitud, adecuaci\u00f3n, validez, fiabilidad, disponibilidad o integridad de la informaci\u00f3n&hellip;<\/p>\n","protected":false},"author":1,"featured_media":5228,"parent":0,"menu_order":0,"comment_status":"closed","ping_status":"closed","template":"","meta":{"_seopress_robots_primary_cat":"","_seopress_titles_title":"Descargo de Responsabilidad","_seopress_titles_desc":"Descargo de Responsabilidad del Blog","_seopress_robots_index":"","jetpack_post_was_ever_published":false,"footnotes":""},"class_list":["post-5097","page","type-page","status-publish","has-post-thumbnail","hentry"],"jetpack-related-posts":[{"id":3,"url":"https:\/\/situacioncritica.es\/blog\/politica-privacidad\/","url_meta":{"origin":5097,"position":0},"title":"Pol\u00edtica de privacidad","author":"Sethbastian","date":"19 de mayo de 2025","format":false,"excerpt":"Qui\u00e9nes somos La direcci\u00f3n de nuestra web es: https:\/\/situacioncritica.es\/blog. Comentarios Cuando los visitantes dejan comentarios en la web, recopilamos los datos que se muestran en el formulario de comentarios, as\u00ed como la direcci\u00f3n IP del visitante y la cadena de agentes de usuario del navegador para ayudar a la detecci\u00f3n\u2026","rel":"","context":"Entrada similar","block_context":{"text":"Entrada similar","link":""},"img":{"alt_text":"","src":"","width":0,"height":0},"classes":[]},{"id":5068,"url":"https:\/\/situacioncritica.es\/blog\/escribiendo-cosicas-desde-2008\/","url_meta":{"origin":5097,"position":1},"title":"Escribiendo cosicas desde 2008","author":"Sethbastian","date":"15 de octubre de 2023","format":false,"excerpt":"Puedes acceder desde aqu\u00ed a nuestro anuario de frivolidades, las cosas que hemos escrito desde que creamos este blog.","rel":"","context":"Entrada similar","block_context":{"text":"Entrada similar","link":""},"img":{"alt_text":"","src":"https:\/\/i0.wp.com\/situacioncritica.es\/blog\/wp-content\/uploads\/2024\/08\/castillo.jpg?resize=350%2C200&ssl=1","width":350,"height":200,"srcset":"https:\/\/i0.wp.com\/situacioncritica.es\/blog\/wp-content\/uploads\/2024\/08\/castillo.jpg?resize=350%2C200&ssl=1 1x, https:\/\/i0.wp.com\/situacioncritica.es\/blog\/wp-content\/uploads\/2024\/08\/castillo.jpg?resize=525%2C300&ssl=1 1.5x, https:\/\/i0.wp.com\/situacioncritica.es\/blog\/wp-content\/uploads\/2024\/08\/castillo.jpg?resize=700%2C400&ssl=1 2x, https:\/\/i0.wp.com\/situacioncritica.es\/blog\/wp-content\/uploads\/2024\/08\/castillo.jpg?resize=1050%2C600&ssl=1 3x"},"classes":[]},{"id":5525,"url":"https:\/\/situacioncritica.es\/blog\/cajondesastre\/","url_meta":{"origin":5097,"position":2},"title":"Caj\u00f3n(de)sastre","author":"Sethbastian","date":"21 de agosto de 2024","format":false,"excerpt":"Sitios de inter\u00e9s","rel":"","context":"Entrada similar","block_context":{"text":"Entrada similar","link":""},"img":{"alt_text":"","src":"","width":0,"height":0},"classes":[]},{"id":5384,"url":"https:\/\/situacioncritica.es\/blog\/newsletter\/","url_meta":{"origin":5097,"position":3},"title":"Recibe los nuevos art\u00edculos en tu bandeja del correo electr\u00f3nico c\u00f3modamente","author":"Sethbastian","date":"18 de agosto de 2024","format":false,"excerpt":"","rel":"","context":"Entrada similar","block_context":{"text":"Entrada similar","link":""},"img":{"alt_text":"","src":"","width":0,"height":0},"classes":[]},{"id":5379,"url":"https:\/\/situacioncritica.es\/blog\/mas-leidos\/","url_meta":{"origin":5097,"position":4},"title":"Estos son los art\u00edculos m\u00e1s le\u00eddos los \u00faltimos 12 meses","author":"Sethbastian","date":"18 de agosto de 2024","format":false,"excerpt":"","rel":"","context":"Entrada similar","block_context":{"text":"Entrada similar","link":""},"img":{"alt_text":"","src":"","width":0,"height":0},"classes":[]},{"id":5780,"url":"https:\/\/situacioncritica.es\/blog\/que-estamos-escuchando\/","url_meta":{"origin":5097,"position":5},"title":"Qu\u00e9 estamos escuchando","author":"Sethbastian","date":"19 de abril de 2025","format":false,"excerpt":"Aqu\u00ed tienes algunas de las canciones que estamos escuchando \u00faltimamente.","rel":"","context":"Entrada similar","block_context":{"text":"Entrada similar","link":""},"img":{"alt_text":"","src":"https:\/\/i0.wp.com\/situacioncritica.es\/blog\/wp-content\/uploads\/2025\/06\/lamina-supersnitch-1.png?resize=350%2C200&ssl=1","width":350,"height":200,"srcset":"https:\/\/i0.wp.com\/situacioncritica.es\/blog\/wp-content\/uploads\/2025\/06\/lamina-supersnitch-1.png?resize=350%2C200&ssl=1 1x, https:\/\/i0.wp.com\/situacioncritica.es\/blog\/wp-content\/uploads\/2025\/06\/lamina-supersnitch-1.png?resize=525%2C300&ssl=1 1.5x"},"classes":[]}],"jetpack_sharing_enabled":true,"_links":{"self":[{"href":"https:\/\/situacioncritica.es\/blog\/wp-json\/wp\/v2\/pages\/5097","targetHints":{"allow":["GET"]}}],"collection":[{"href":"https:\/\/situacioncritica.es\/blog\/wp-json\/wp\/v2\/pages"}],"about":[{"href":"https:\/\/situacioncritica.es\/blog\/wp-json\/wp\/v2\/types\/page"}],"author":[{"embeddable":true,"href":"https:\/\/situacioncritica.es\/blog\/wp-json\/wp\/v2\/users\/1"}],"replies":[{"embeddable":true,"href":"https:\/\/situacioncritica.es\/blog\/wp-json\/wp\/v2\/comments?post=5097"}],"version-history":[{"count":6,"href":"https:\/\/situacioncritica.es\/blog\/wp-json\/wp\/v2\/pages\/5097\/revisions"}],"predecessor-version":[{"id":5229,"href":"https:\/\/situacioncritica.es\/blog\/wp-json\/wp\/v2\/pages\/5097\/revisions\/5229"}],"wp:featuredmedia":[{"embeddable":true,"href":"https:\/\/situacioncritica.es\/blog\/wp-json\/wp\/v2\/media\/5228"}],"wp:attachment":[{"href":"https:\/\/situacioncritica.es\/blog\/wp-json\/wp\/v2\/media?parent=5097"}],"curies":[{"name":"wp","href":"https:\/\/api.w.org\/{rel}","templated":true}]}}